{"id":986,"date":"2025-04-15T13:54:38","date_gmt":"2025-04-15T11:54:38","guid":{"rendered":"https:\/\/sdoconsultor.com\/accessibility-statement\/"},"modified":"2025-04-15T13:54:38","modified_gmt":"2025-04-15T11:54:38","slug":"accessibility-statement","status":"publish","type":"page","link":"https:\/\/sdoconsultor.com\/ca\/accessibility-statement\/","title":{"rendered":"Accessibility statement"},"content":{"rendered":"<h6 class=\"wp-block-heading has-text-align-center\">Accessibility Statement for https:\/\/sdoconsultor.com\/<\/h6>\n\n\n<p><strong>SDO Consultor<\/strong> is committed to ensuring digital accessibility for people with disabilities. We are continually improving the user experience for everyone and applying the relevant accessibility standards.<\/p>\n\n\n<h6 class=\"wp-block-heading\">Conformance status<\/h6>\n\n\n<p>The Web Content Accessibility Guidelines (WCAG) defines requirements for designers and developers to improve accessibility for people with disabilities. It defines three levels of conformance: Level A, Level AA, and Level AAA.<\/p>\n\n\n<p><strong>SDO Consultor<\/strong> is making constant efforts to improve the accessibility of its site and services in the belief that it is our collective moral obligation to allow seamless, accessible, and unhindered use for those of us with disabilities.<\/p>\n\n\n<p>We aim to make all pages and content on <strong>https:\/\/sdoconsultor.com\/<\/strong> accessible, but some content may not yet fully meet the highest accessibility standards. This could be due to challenges in identifying the most suitable technological solution.<\/p>\n\n\n<p>We may revise this Statement periodically to reflect improvements or changes to our accessibility practices.<\/p>\n\n\n<h6 class=\"wp-block-heading\">Sugerencias<\/h6>\n\n\n<p>We welcome your feedback on the accessibility of <strong>SDO Consultor<\/strong> website. Please let us know if you encounter accessibility barriers on our website:<\/p>\n\n\n<p>E-mail: <strong>sdelolmo@sdoconsultor.com<\/strong><\/p>\n\n\n<p>We try to respond to feedback within 3\u20135 business days.<\/p>\n\n\n<p>This statement was created on 15\/4\/2025. <\/p>","protected":false},"excerpt":{"rendered":"<p>Accessibility Statement for https:\/\/sdoconsultor.com\/ SDO Consultor is committed to ensuring digital accessibility for people with disabilities. We are continually improving the user experience for everyone and applying the relevant accessibility standards. Conformance status The Web Content Accessibility Guidelines (WCAG) defines requirements for designers and developers to improve accessibility for people with disabilities. It defines three [&hellip;]<\/p>","protected":false},"author":2,"featured_media":0,"parent":0,"menu_order":0,"comment_status":"closed","ping_status":"closed","template":"","meta":{"footnotes":""},"class_list":["post-986","page","type-page","status-publish","hentry"],"yoast_head":"<!-- This site is optimized with the Yoast SEO plugin v25.4 - https:\/\/yoast.com\/wordpress\/plugins\/seo\/ -->\n<title>Accessibility statement - Sdo Consultor\u00eda para la Digitalizaci\u00f3n de Despachos de Asesor\u00eda Fiscal<\/title>\n<meta name=\"robots\" content=\"index, follow, max-snippet:-1, max-image-preview:large, max-video-preview:-1\" \/>\n<link rel=\"canonical\" href=\"https:\/\/sdoconsultor.com\/ca\/accessibility-statement\/\" \/>\n<meta property=\"og:locale\" content=\"ca_ES\" \/>\n<meta property=\"og:type\" content=\"article\" \/>\n<meta property=\"og:title\" content=\"Accessibility statement - Sdo Consultor\u00eda para la Digitalizaci\u00f3n de Despachos de Asesor\u00eda Fiscal\" \/>\n<meta property=\"og:description\" content=\"Accessibility Statement for https:\/\/sdoconsultor.com\/ SDO Consultor is committed to ensuring digital accessibility for people with disabilities. We are continually improving the user experience for everyone and applying the relevant accessibility standards. Conformance status The Web Content Accessibility Guidelines (WCAG) defines requirements for designers and developers to improve accessibility for people with disabilities. It defines three [&hellip;]\" \/>\n<meta property=\"og:url\" content=\"https:\/\/sdoconsultor.com\/ca\/accessibility-statement\/\" \/>\n<meta property=\"og:site_name\" content=\"Sdo Consultor\u00eda para la Digitalizaci\u00f3n de Despachos de Asesor\u00eda Fiscal\" \/>\n<meta name=\"twitter:card\" content=\"summary_large_image\" \/>\n<meta name=\"twitter:label1\" content=\"Temps estimat de lectura\" \/>\n\t<meta name=\"twitter:data1\" content=\"1 minut\" \/>\n<script type=\"application\/ld+json\" class=\"yoast-schema-graph\">{\"@context\":\"https:\/\/schema.org\",\"@graph\":[{\"@type\":\"WebPage\",\"@id\":\"https:\/\/sdoconsultor.com\/accessibility-statement\/\",\"url\":\"https:\/\/sdoconsultor.com\/accessibility-statement\/\",\"name\":\"Accessibility statement - Sdo Consultor\u00eda para la Digitalizaci\u00f3n de Despachos de Asesor\u00eda Fiscal\",\"isPartOf\":{\"@id\":\"https:\/\/sdoconsultor.com\/#website\"},\"datePublished\":\"2025-04-15T11:54:38+00:00\",\"breadcrumb\":{\"@id\":\"https:\/\/sdoconsultor.com\/accessibility-statement\/#breadcrumb\"},\"inLanguage\":\"ca\",\"potentialAction\":[{\"@type\":\"ReadAction\",\"target\":[\"https:\/\/sdoconsultor.com\/accessibility-statement\/\"]}]},{\"@type\":\"BreadcrumbList\",\"@id\":\"https:\/\/sdoconsultor.com\/accessibility-statement\/#breadcrumb\",\"itemListElement\":[{\"@type\":\"ListItem\",\"position\":1,\"name\":\"Portada\",\"item\":\"https:\/\/sdoconsultor.com\/\"},{\"@type\":\"ListItem\",\"position\":2,\"name\":\"Accessibility statement\"}]},{\"@type\":\"WebSite\",\"@id\":\"https:\/\/sdoconsultor.com\/#website\",\"url\":\"https:\/\/sdoconsultor.com\/\",\"name\":\"Sdo Consultor\u00eda para la Digitalizaci\u00f3n de Despachos de Asesor\u00eda Fiscal\",\"description\":\"SOLUCIONES DIGITALIZADORAS PARA DESPACHOS PROFESIONALES\",\"publisher\":{\"@id\":\"https:\/\/sdoconsultor.com\/#organization\"},\"potentialAction\":[{\"@type\":\"SearchAction\",\"target\":{\"@type\":\"EntryPoint\",\"urlTemplate\":\"https:\/\/sdoconsultor.com\/?s={search_term_string}\"},\"query-input\":{\"@type\":\"PropertyValueSpecification\",\"valueRequired\":true,\"valueName\":\"search_term_string\"}}],\"inLanguage\":\"ca\"},{\"@type\":\"Organization\",\"@id\":\"https:\/\/sdoconsultor.com\/#organization\",\"name\":\"Sdo Consultor\u00eda para la Digitalizaci\u00f3n de Despachos de Asesor\u00eda Fiscal\",\"url\":\"https:\/\/sdoconsultor.com\/\",\"logo\":{\"@type\":\"ImageObject\",\"inLanguage\":\"ca\",\"@id\":\"https:\/\/sdoconsultor.com\/#\/schema\/logo\/image\/\",\"url\":\"https:\/\/sdoconsultor.com\/wp-content\/uploads\/2025\/02\/logo_SDO_color-consultor.png\",\"contentUrl\":\"https:\/\/sdoconsultor.com\/wp-content\/uploads\/2025\/02\/logo_SDO_color-consultor.png\",\"width\":540,\"height\":208,\"caption\":\"Sdo Consultor\u00eda para la Digitalizaci\u00f3n de Despachos de Asesor\u00eda Fiscal\"},\"image\":{\"@id\":\"https:\/\/sdoconsultor.com\/#\/schema\/logo\/image\/\"}}]}<\/script>\n<!-- \/ Yoast SEO plugin. -->","yoast_head_json":{"title":"Accessibility statement - Sdo Consultor\u00eda para la Digitalizaci\u00f3n de Despachos de Asesor\u00eda Fiscal","robots":{"index":"index","follow":"follow","max-snippet":"max-snippet:-1","max-image-preview":"max-image-preview:large","max-video-preview":"max-video-preview:-1"},"canonical":"https:\/\/sdoconsultor.com\/ca\/accessibility-statement\/","og_locale":"ca_ES","og_type":"article","og_title":"Accessibility statement - Sdo Consultor\u00eda para la Digitalizaci\u00f3n de Despachos de Asesor\u00eda Fiscal","og_description":"Accessibility Statement for https:\/\/sdoconsultor.com\/ SDO Consultor is committed to ensuring digital accessibility for people with disabilities. We are continually improving the user experience for everyone and applying the relevant accessibility standards. Conformance status The Web Content Accessibility Guidelines (WCAG) defines requirements for designers and developers to improve accessibility for people with disabilities. It defines three [&hellip;]","og_url":"https:\/\/sdoconsultor.com\/ca\/accessibility-statement\/","og_site_name":"Sdo Consultor\u00eda para la Digitalizaci\u00f3n de Despachos de Asesor\u00eda Fiscal","twitter_card":"summary_large_image","twitter_misc":{"Temps estimat de lectura":"1 minut"},"schema":{"@context":"https:\/\/schema.org","@graph":[{"@type":"WebPage","@id":"https:\/\/sdoconsultor.com\/accessibility-statement\/","url":"https:\/\/sdoconsultor.com\/accessibility-statement\/","name":"Accessibility statement - Sdo Consultor\u00eda para la Digitalizaci\u00f3n de Despachos de Asesor\u00eda Fiscal","isPartOf":{"@id":"https:\/\/sdoconsultor.com\/#website"},"datePublished":"2025-04-15T11:54:38+00:00","breadcrumb":{"@id":"https:\/\/sdoconsultor.com\/accessibility-statement\/#breadcrumb"},"inLanguage":"ca","potentialAction":[{"@type":"ReadAction","target":["https:\/\/sdoconsultor.com\/accessibility-statement\/"]}]},{"@type":"BreadcrumbList","@id":"https:\/\/sdoconsultor.com\/accessibility-statement\/#breadcrumb","itemListElement":[{"@type":"ListItem","position":1,"name":"Portada","item":"https:\/\/sdoconsultor.com\/"},{"@type":"ListItem","position":2,"name":"Accessibility statement"}]},{"@type":"WebSite","@id":"https:\/\/sdoconsultor.com\/#website","url":"https:\/\/sdoconsultor.com\/","name":"Sdo Consultor\u00eda para la Digitalizaci\u00f3n de Despachos de Asesor\u00eda Fiscal","description":"SOLUCIONES DIGITALIZADORAS PARA DESPACHOS PROFESIONALES","publisher":{"@id":"https:\/\/sdoconsultor.com\/#organization"},"potentialAction":[{"@type":"SearchAction","target":{"@type":"EntryPoint","urlTemplate":"https:\/\/sdoconsultor.com\/?s={search_term_string}"},"query-input":{"@type":"PropertyValueSpecification","valueRequired":true,"valueName":"search_term_string"}}],"inLanguage":"ca"},{"@type":"Organization","@id":"https:\/\/sdoconsultor.com\/#organization","name":"Sdo Consultor\u00eda para la Digitalizaci\u00f3n de Despachos de Asesor\u00eda Fiscal","url":"https:\/\/sdoconsultor.com\/","logo":{"@type":"ImageObject","inLanguage":"ca","@id":"https:\/\/sdoconsultor.com\/#\/schema\/logo\/image\/","url":"https:\/\/sdoconsultor.com\/wp-content\/uploads\/2025\/02\/logo_SDO_color-consultor.png","contentUrl":"https:\/\/sdoconsultor.com\/wp-content\/uploads\/2025\/02\/logo_SDO_color-consultor.png","width":540,"height":208,"caption":"Sdo Consultor\u00eda para la Digitalizaci\u00f3n de Despachos de Asesor\u00eda Fiscal"},"image":{"@id":"https:\/\/sdoconsultor.com\/#\/schema\/logo\/image\/"}}]}},"_links":{"self":[{"href":"https:\/\/sdoconsultor.com\/ca\/wp-json\/wp\/v2\/pages\/986","targetHints":{"allow":["GET"]}}],"collection":[{"href":"https:\/\/sdoconsultor.com\/ca\/wp-json\/wp\/v2\/pages"}],"about":[{"href":"https:\/\/sdoconsultor.com\/ca\/wp-json\/wp\/v2\/types\/page"}],"author":[{"embeddable":true,"href":"https:\/\/sdoconsultor.com\/ca\/wp-json\/wp\/v2\/users\/2"}],"replies":[{"embeddable":true,"href":"https:\/\/sdoconsultor.com\/ca\/wp-json\/wp\/v2\/comments?post=986"}],"version-history":[{"count":0,"href":"https:\/\/sdoconsultor.com\/ca\/wp-json\/wp\/v2\/pages\/986\/revisions"}],"wp:attachment":[{"href":"https:\/\/sdoconsultor.com\/ca\/wp-json\/wp\/v2\/media?parent=986"}],"curies":[{"name":"wp","href":"https:\/\/api.w.org\/{rel}","templated":true}]}}