{"id":252,"date":"2025-03-03T07:27:51","date_gmt":"2025-03-03T06:27:51","guid":{"rendered":"https:\/\/sdoconsultor.com\/?page_id=252"},"modified":"2026-02-19T11:42:14","modified_gmt":"2026-02-19T10:42:14","slug":"contacto","status":"publish","type":"page","link":"https:\/\/sdoconsultor.com\/ca\/contacto\/","title":{"rendered":"Contacte"},"content":{"rendered":"<div data-elementor-type=\"wp-page\" data-elementor-id=\"252\" class=\"elementor elementor-252\" data-elementor-post-type=\"page\">\n\t\t\t\t<div class=\"elementor-element elementor-element-27081aa e-flex e-con-boxed e-con e-parent\" data-id=\"27081aa\" data-element_type=\"container\" data-settings=\"{&quot;background_background&quot;:&quot;classic&quot;}\">\n\t\t\t\t\t<div class=\"e-con-inner\">\n\t\t<div class=\"elementor-element elementor-element-c20b39f e-con-full e-flex e-con e-child\" data-id=\"c20b39f\" data-element_type=\"container\">\n\t\t\t\t<div class=\"elementor-element elementor-element-a623e68 elementor-widget elementor-widget-heading\" data-id=\"a623e68\" data-element_type=\"widget\" data-widget_type=\"heading.default\">\n\t\t\t\t<div class=\"elementor-widget-container\">\n\t\t\t\t\t<span class=\"elementor-heading-title elementor-size-default\">Donar el primer pas cap a la transformaci\u00f3 digital<\/span>\t\t\t\t<\/div>\n\t\t\t\t<\/div>\n\t\t\t\t<div class=\"elementor-element elementor-element-df5e477 elementor-widget elementor-widget-heading\" data-id=\"df5e477\" data-element_type=\"widget\" data-widget_type=\"heading.default\">\n\t\t\t\t<div class=\"elementor-widget-container\">\n\t\t\t\t\t<h1 class=\"elementor-heading-title elementor-size-default\">Contacte<\/h1>\t\t\t\t<\/div>\n\t\t\t\t<\/div>\n\t\t\t\t<div class=\"elementor-element elementor-element-2986d6a elementor-widget elementor-widget-text-editor\" data-id=\"2986d6a\" data-element_type=\"widget\" data-widget_type=\"text-editor.default\">\n\t\t\t\t<div class=\"elementor-widget-container\">\n\t\t\t\t\t\t\t\t\t<div class=\"page\" title=\"Page 14\"><div class=\"section\"><div class=\"layoutArea\"><div class=\"column\"><p>Estem disposats a ajudar a implementar el treball d&#039;escaneig en un temps r\u00e8cord. Contacte amb nosaltres i descobreix com podem transformar la seva oficina.<\/p><\/div><\/div><\/div><\/div>\t\t\t\t\t\t\t\t<\/div>\n\t\t\t\t<\/div>\n\t\t\t\t<div class=\"elementor-element elementor-element-913f001 elementor-icon-list--layout-traditional elementor-list-item-link-full_width elementor-widget elementor-widget-icon-list\" data-id=\"913f001\" data-element_type=\"widget\" data-widget_type=\"icon-list.default\">\n\t\t\t\t<div class=\"elementor-widget-container\">\n\t\t\t\t\t\t\t<ul class=\"elementor-icon-list-items\">\n\t\t\t\t\t\t\t<li class=\"elementor-icon-list-item\">\n\t\t\t\t\t\t\t\t\t\t\t<a href=\"mailto:sdelolmo@sdoconsultor.com\" target=\"_blank\">\n\n\t\t\t\t\t\t\t\t\t\t\t\t<span class=\"elementor-icon-list-icon\">\n\t\t\t\t\t\t\t<svg aria-hidden=\"true\" class=\"e-font-icon-svg e-fas-envelope\" viewbox=\"0 0 512 512\" xmlns=\"http:\/\/www.w3.org\/2000\/svg\"><path d=\"M502.3 190.8c3.9-3.1 9.7-.2 9.7 4.7V400c0 26.5-21.5 48-48 48H48c-26.5 0-48-21.5-48-48V195.6c0-5 5.7-7.8 9.7-4.7 22.4 17.4 52.1 39.5 154.1 113.6 21.1 15.4 56.7 47.8 92.2 47.6 35.7.3 72-32.8 92.3-47.6 102-74.1 131.6-96.3 154-113.7zM256 320c23.2.4 56.6-29.2 73.4-41.4 132.7-96.3 142.8-104.7 173.4-128.7 5.8-4.5 9.2-11.5 9.2-18.9v-19c0-26.5-21.5-48-48-48H48C21.5 64 0 85.5 0 112v19c0 7.4 3.4 14.3 9.2 18.9 30.6 23.9 40.7 32.4 173.4 128.7 16.8 12.2 50.2 41.8 73.4 41.4z\"><\/path><\/svg>\t\t\t\t\t\t<\/span>\n\t\t\t\t\t\t\t\t\t\t<span class=\"elementor-icon-list-text\"><span style=\"color:#000;\">Correu electr\u00f2nic<\/span> <br>sdelolmo@sdoconsultor.com<\/span>\n\t\t\t\t\t\t\t\t\t\t\t<\/a>\n\t\t\t\t\t\t\t\t\t<\/li>\n\t\t\t\t\t\t\t\t<li class=\"elementor-icon-list-item\">\n\t\t\t\t\t\t\t\t\t\t\t<a href=\"tel:+34629340205\" target=\"_blank\">\n\n\t\t\t\t\t\t\t\t\t\t\t\t<span class=\"elementor-icon-list-icon\">\n\t\t\t\t\t\t\t<svg aria-hidden=\"true\" class=\"e-font-icon-svg e-fas-phone-alt\" viewbox=\"0 0 512 512\" xmlns=\"http:\/\/www.w3.org\/2000\/svg\"><path d=\"M497.39 361.8l-112-48a24 24 0 0 0-28 6.9l-49.6 60.6A370.66 370.66 0 0 1 130.6 204.11l60.6-49.6a23.94 23.94 0 0 0 6.9-28l-48-112A24.16 24.16 0 0 0 122.6.61l-104 24A24 24 0 0 0 0 48c0 256.5 207.9 464 464 464a24 24 0 0 0 23.4-18.6l24-104a24.29 24.29 0 0 0-14.01-27.6z\"><\/path><\/svg>\t\t\t\t\t\t<\/span>\n\t\t\t\t\t\t\t\t\t\t<span class=\"elementor-icon-list-text\"><span style=\"color:#000;\">Tel\u00e8fon<\/span> <br>629 340 205<\/span>\n\t\t\t\t\t\t\t\t\t\t\t<\/a>\n\t\t\t\t\t\t\t\t\t<\/li>\n\t\t\t\t\t\t<\/ul>\n\t\t\t\t\t\t<\/div>\n\t\t\t\t<\/div>\n\t\t\t\t<\/div>\n\t\t<div class=\"elementor-element elementor-element-51feead e-con-full e-flex e-con e-child\" data-id=\"51feead\" data-element_type=\"container\" data-settings=\"{&quot;background_background&quot;:&quot;classic&quot;}\">\n\t\t<div class=\"elementor-element elementor-element-94cfe1a e-con-full e-flex elementor-invisible e-con e-child\" data-id=\"94cfe1a\" data-element_type=\"container\" data-settings=\"{&quot;animation&quot;:&quot;fadeInDown&quot;}\">\n\t\t\t\t<div class=\"elementor-element elementor-element-4ead6f1 elementor-widget__width-initial elementor-widget elementor-widget-icon-box\" data-id=\"4ead6f1\" data-element_type=\"widget\" data-widget_type=\"icon-box.default\">\n\t\t\t\t<div class=\"elementor-widget-container\">\n\t\t\t\t\t\t\t<div class=\"elementor-icon-box-wrapper\">\n\n\t\t\t\n\t\t\t\t\t\t<div class=\"elementor-icon-box-content\">\n\n\t\t\t\t\t\t\t\t\t<h3 class=\"elementor-icon-box-title\">\n\t\t\t\t\t\t<span  >\n\t\t\t\t\t\t\t100% Personalizado\t\t\t\t\t\t<\/span>\n\t\t\t\t\t<\/h3>\n\t\t\t\t\n\t\t\t\t\t\t\t\t\t<p class=\"elementor-icon-box-description\">\n\t\t\t\t\t\tSoluciones adaptadas a las necesidades espec\u00edficas de tu despacho fiscal\t\t\t\t\t<\/p>\n\t\t\t\t\n\t\t\t<\/div>\n\t\t\t\n\t\t<\/div>\n\t\t\t\t\t\t<\/div>\n\t\t\t\t<\/div>\n\t\t\t\t<\/div>\n\t\t\t\t<\/div>\n\t\t\t\t\t<\/div>\n\t\t\t\t<\/div>\n\t\t<div class=\"elementor-element elementor-element-8c976b4 e-flex e-con-boxed e-con e-parent\" data-id=\"8c976b4\" data-element_type=\"container\" data-settings=\"{&quot;background_background&quot;:&quot;classic&quot;}\">\n\t\t\t\t\t<div class=\"e-con-inner\">\n\t\t<div class=\"elementor-element elementor-element-3edde81 e-con-full e-flex e-con e-child\" data-id=\"3edde81\" data-element_type=\"container\" id=\"#formulario\" data-settings=\"{&quot;background_background&quot;:&quot;classic&quot;}\">\n\t\t\t\t<div class=\"elementor-element elementor-element-372d7f6 elementor-widget elementor-widget-heading\" data-id=\"372d7f6\" data-element_type=\"widget\" data-widget_type=\"heading.default\">\n\t\t\t\t<div class=\"elementor-widget-container\">\n\t\t\t\t\t<h3 class=\"elementor-heading-title elementor-size-default\">Implementa tu digitalizaci\u00f3n\nen un tiempo r\u00e9cord<\/h3>\t\t\t\t<\/div>\n\t\t\t\t<\/div>\n\t\t\t\t<div class=\"elementor-element elementor-element-f2ceaf4 elementor-button-align-end elementor-widget elementor-widget-form\" data-id=\"f2ceaf4\" data-element_type=\"widget\" data-settings=\"{&quot;step_next_label&quot;:&quot;Siguiente&quot;,&quot;step_previous_label&quot;:&quot;Anterior&quot;,&quot;button_width&quot;:&quot;100&quot;,&quot;step_type&quot;:&quot;number_text&quot;,&quot;step_icon_shape&quot;:&quot;circle&quot;}\" data-widget_type=\"form.default\">\n\t\t\t\t<div class=\"elementor-widget-container\">\n\t\t\t\t\t\t\t<form class=\"elementor-form\" method=\"post\" name=\"Formulario contacto\" aria-label=\"Formulario contacto\" action=\"\">\n\t\t\t<input type=\"hidden\" name=\"post_id\" value=\"252\"\/>\n\t\t\t<input type=\"hidden\" name=\"form_id\" value=\"f2ceaf4\"\/>\n\t\t\t<input type=\"hidden\" name=\"referer_title\" value=\"Contacto - Sdo Consultor\u00eda para la Digitalizaci\u00f3n de Despachos de Asesor\u00eda Fiscal\" \/>\n\n\t\t\t\t\t\t\t<input type=\"hidden\" name=\"queried_id\" value=\"252\"\/>\n\t\t\t\n\t\t\t<div class=\"elementor-form-fields-wrapper elementor-labels-above\">\n\t\t\t\t\t\t\t\t<div class=\"elementor-field-type-text elementor-field-group elementor-column elementor-field-group-name elementor-col-50\">\n\t\t\t\t\t\t\t\t\t\t\t\t<label for=\"form-field-name\" class=\"elementor-field-label\">\n\t\t\t\t\t\t\t\tNom\t\t\t\t\t\t\t<\/label>\n\t\t\t\t\t\t\t\t\t\t\t\t\t\t<input size=\"1\" type=\"text\" name=\"form_fields[name]\" id=\"form-field-name\" class=\"elementor-field elementor-size-sm  elementor-field-textual\" placeholder=\"El teu nom\">\n\t\t\t\t\t\t\t\t\t\t\t<\/div>\n\t\t\t\t\t\t\t\t<div class=\"elementor-field-type-email elementor-field-group elementor-column elementor-field-group-email elementor-col-50 elementor-field-required elementor-mark-required\">\n\t\t\t\t\t\t\t\t\t\t\t\t<label for=\"form-field-email\" class=\"elementor-field-label\">\n\t\t\t\t\t\t\t\tE-mail\t\t\t\t\t\t\t<\/label>\n\t\t\t\t\t\t\t\t\t\t\t\t\t\t<input size=\"1\" type=\"email\" name=\"form_fields[email]\" id=\"form-field-email\" class=\"elementor-field elementor-size-sm  elementor-field-textual\" placeholder=\"tu@email.com\" required=\"required\">\n\t\t\t\t\t\t\t\t\t\t\t<\/div>\n\t\t\t\t\t\t\t\t<div class=\"elementor-field-type-tel elementor-field-group elementor-column elementor-field-group-field_6b4499d elementor-col-100 elementor-field-required elementor-mark-required\">\n\t\t\t\t\t\t\t\t\t\t\t\t<label for=\"form-field-field_6b4499d\" class=\"elementor-field-label\">\n\t\t\t\t\t\t\t\tTel\u00e8fon\t\t\t\t\t\t\t<\/label>\n\t\t\t\t\t\t\t\t<input size=\"1\" type=\"tel\" name=\"form_fields[field_6b4499d]\" id=\"form-field-field_6b4499d\" class=\"elementor-field elementor-size-sm  elementor-field-textual\" placeholder=\"El seu n\u00famero de tel\u00e8fon\" required=\"required\" pattern=\"[0-9()#&amp;+*-=.]+\" title=\"Solo se aceptan n\u00fameros y caracteres de tel\u00e9fono (#,-,*,etc).\">\n\n\t\t\t\t\t\t<\/div>\n\t\t\t\t\t\t\t\t<div class=\"elementor-field-type-textarea elementor-field-group elementor-column elementor-field-group-message elementor-col-100\">\n\t\t\t\t\t\t\t\t\t\t\t\t<label for=\"form-field-message\" class=\"elementor-field-label\">\n\t\t\t\t\t\t\t\tMissatge\t\t\t\t\t\t\t<\/label>\n\t\t\t\t\t\t<textarea class=\"elementor-field-textual elementor-field  elementor-size-sm\" name=\"form_fields[message]\" id=\"form-field-message\" rows=\"4\" placeholder=\"Cu\u00e9ntamos sobre la seva oficina i el seu escaneig necessitats...\"><\/textarea>\t\t\t\t<\/div>\n\t\t\t\t\t\t\t\t<div class=\"elementor-field-type-checkbox elementor-field-group elementor-column elementor-field-group-field_a965c68 elementor-col-100\">\n\t\t\t\t\t<div class=\"elementor-field-subgroup  elementor-subgroup-inline\"><span class=\"elementor-field-option\"><input type=\"checkbox\" value=\"&lt;small&gt;He le\u00eddo y acepto la &lt;a href=&quot;\/politica-privacidad\/&quot;&gt; pol\u00edtica de privacidad &lt;\/a&gt; de SDO Cosultor.&lt;\/small&gt;\" id=\"form-field-field_a965c68-0\" name=\"form_fields[field_a965c68]\"> <label for=\"form-field-field_a965c68-0\"><small>He llegit i accepto la <a href=\"\/ca\/politica-privacidad\/\"> pol\u00edtica de privacitat <\/a> La SDO Cosultor.<\/small><\/label><\/span><\/div>\t\t\t\t<\/div>\n\t\t\t\t\t\t\t\t<div class=\"elementor-field-type-text\">\n\t\t\t\t\t<input size=\"1\" type=\"text\" name=\"form_fields[field_0ad20ee]\" id=\"form-field-field_0ad20ee\" class=\"elementor-field elementor-size-sm\" style=\"display:none !important;\">\t\t\t\t<\/div>\n\t\t\t\t\t\t\t\t<div class=\"elementor-field-type-recaptcha_v3 elementor-field-group elementor-column elementor-field-group-field_e5fef90 elementor-col-100 recaptcha_v3-bottomright\">\n\t\t\t\t\t<div class=\"elementor-field\" id=\"form-field-field_e5fef90\"><div class=\"elementor-g-recaptcha\" data-sitekey=\"6Ld8txcrAAAAAOm0NPvttn0kTn6ohNVRNXxPLTUJ\" data-type=\"v3\" data-action=\"Form\" data-badge=\"bottomright\" data-size=\"invisible\"><\/div><\/div>\t\t\t\t<\/div>\n\t\t\t\t\t\t\t\t<div class=\"elementor-field-group elementor-column elementor-field-type-submit elementor-col-100 e-form__buttons\">\n\t\t\t\t\t<button class=\"elementor-button elementor-size-sm\" type=\"submit\">\n\t\t\t\t\t\t<span class=\"elementor-button-content-wrapper\">\n\t\t\t\t\t\t\t\t\t\t\t\t\t\t\t\t\t\t\t\t\t\t<span class=\"elementor-button-text\">Enviar un missatge<\/span>\n\t\t\t\t\t\t\t\t\t\t\t\t\t<\/span>\n\t\t\t\t\t<\/button>\n\t\t\t\t<\/div>\n\t\t\t<\/div>\n\t\t<input type=\"hidden\" name=\"trp-form-language\" value=\"ca\"\/><\/form>\n\t\t\t\t\t\t<\/div>\n\t\t\t\t<\/div>\n\t\t\t\t<\/div>\n\t\t\t\t\t<\/div>\n\t\t\t\t<\/div>\n\t\t\t\t<\/div>","protected":false},"excerpt":{"rendered":"<p>Da el primer paso hacia la transformaci\u00f3n digital Contacto Estamos listos para ayudarte a implementar tu digitalizaci\u00f3n en un tiempo r\u00e9cord. Cont\u00e1ctanos y descubre c\u00f3mo podemos transformar tu despacho. Email sdelolmo@sdoconsultor.com Tel\u00e9fono 629 340 205 100% Personalizado Soluciones adaptadas a las necesidades espec\u00edficas de tu despacho fiscal Implementa tu digitalizaci\u00f3n en un tiempo r\u00e9cord<\/p>","protected":false},"author":2,"featured_media":0,"parent":0,"menu_order":0,"comment_status":"closed","ping_status":"closed","template":"","meta":{"footnotes":""},"class_list":["post-252","page","type-page","status-publish","hentry"],"yoast_head":"<!-- This site is optimized with the Yoast SEO plugin v25.4 - https:\/\/yoast.com\/wordpress\/plugins\/seo\/ -->\n<title>Contacto - Sdo Consultor\u00eda para la Digitalizaci\u00f3n de Despachos de Asesor\u00eda Fiscal<\/title>\n<meta name=\"description\" content=\"Para ponerse en contacto con nosotros rellene nuestro formulario de contacto, escr\u00edbanos un correo o ll\u00e1menos. Descubre c\u00f3mo podemos ayudarte.\" \/>\n<meta name=\"robots\" content=\"index, follow, max-snippet:-1, max-image-preview:large, max-video-preview:-1\" \/>\n<link rel=\"canonical\" href=\"https:\/\/sdoconsultor.com\/ca\/contacto\/\" \/>\n<meta property=\"og:locale\" content=\"ca_ES\" \/>\n<meta property=\"og:type\" content=\"article\" \/>\n<meta property=\"og:title\" content=\"Contacto - Sdo Consultor\u00eda para la Digitalizaci\u00f3n de Despachos de Asesor\u00eda Fiscal\" \/>\n<meta property=\"og:description\" content=\"Para ponerse en contacto con nosotros rellene nuestro formulario de contacto, escr\u00edbanos un correo o ll\u00e1menos. Descubre c\u00f3mo podemos ayudarte.\" \/>\n<meta property=\"og:url\" content=\"https:\/\/sdoconsultor.com\/ca\/contacto\/\" \/>\n<meta property=\"og:site_name\" content=\"Sdo Consultor\u00eda para la Digitalizaci\u00f3n de Despachos de Asesor\u00eda Fiscal\" \/>\n<meta property=\"article:modified_time\" content=\"2026-02-19T10:42:14+00:00\" \/>\n<meta name=\"twitter:card\" content=\"summary_large_image\" \/>\n<meta name=\"twitter:label1\" content=\"Temps estimat de lectura\" \/>\n\t<meta name=\"twitter:data1\" content=\"1 minut\" \/>\n<script type=\"application\/ld+json\" class=\"yoast-schema-graph\">{\"@context\":\"https:\/\/schema.org\",\"@graph\":[{\"@type\":\"WebPage\",\"@id\":\"https:\/\/sdoconsultor.com\/contacto\/\",\"url\":\"https:\/\/sdoconsultor.com\/contacto\/\",\"name\":\"Contacto - Sdo Consultor\u00eda para la Digitalizaci\u00f3n de Despachos de Asesor\u00eda Fiscal\",\"isPartOf\":{\"@id\":\"https:\/\/sdoconsultor.com\/#website\"},\"datePublished\":\"2025-03-03T06:27:51+00:00\",\"dateModified\":\"2026-02-19T10:42:14+00:00\",\"description\":\"Para ponerse en contacto con nosotros rellene nuestro formulario de contacto, escr\u00edbanos un correo o ll\u00e1menos. Descubre c\u00f3mo podemos ayudarte.\",\"breadcrumb\":{\"@id\":\"https:\/\/sdoconsultor.com\/contacto\/#breadcrumb\"},\"inLanguage\":\"ca\",\"potentialAction\":[{\"@type\":\"ReadAction\",\"target\":[\"https:\/\/sdoconsultor.com\/contacto\/\"]}]},{\"@type\":\"BreadcrumbList\",\"@id\":\"https:\/\/sdoconsultor.com\/contacto\/#breadcrumb\",\"itemListElement\":[{\"@type\":\"ListItem\",\"position\":1,\"name\":\"Portada\",\"item\":\"https:\/\/sdoconsultor.com\/\"},{\"@type\":\"ListItem\",\"position\":2,\"name\":\"Contacto\"}]},{\"@type\":\"WebSite\",\"@id\":\"https:\/\/sdoconsultor.com\/#website\",\"url\":\"https:\/\/sdoconsultor.com\/\",\"name\":\"Sdo Consultor\u00eda para la Digitalizaci\u00f3n de Despachos de Asesor\u00eda Fiscal\",\"description\":\"SOLUCIONES DIGITALIZADORAS PARA DESPACHOS PROFESIONALES\",\"publisher\":{\"@id\":\"https:\/\/sdoconsultor.com\/#organization\"},\"potentialAction\":[{\"@type\":\"SearchAction\",\"target\":{\"@type\":\"EntryPoint\",\"urlTemplate\":\"https:\/\/sdoconsultor.com\/?s={search_term_string}\"},\"query-input\":{\"@type\":\"PropertyValueSpecification\",\"valueRequired\":true,\"valueName\":\"search_term_string\"}}],\"inLanguage\":\"ca\"},{\"@type\":\"Organization\",\"@id\":\"https:\/\/sdoconsultor.com\/#organization\",\"name\":\"Sdo Consultor\u00eda para la Digitalizaci\u00f3n de Despachos de Asesor\u00eda Fiscal\",\"url\":\"https:\/\/sdoconsultor.com\/\",\"logo\":{\"@type\":\"ImageObject\",\"inLanguage\":\"ca\",\"@id\":\"https:\/\/sdoconsultor.com\/#\/schema\/logo\/image\/\",\"url\":\"https:\/\/sdoconsultor.com\/wp-content\/uploads\/2025\/02\/logo_SDO_color-consultor.png\",\"contentUrl\":\"https:\/\/sdoconsultor.com\/wp-content\/uploads\/2025\/02\/logo_SDO_color-consultor.png\",\"width\":540,\"height\":208,\"caption\":\"Sdo Consultor\u00eda para la Digitalizaci\u00f3n de Despachos de Asesor\u00eda Fiscal\"},\"image\":{\"@id\":\"https:\/\/sdoconsultor.com\/#\/schema\/logo\/image\/\"}}]}<\/script>\n<!-- \/ Yoast SEO plugin. -->","yoast_head_json":{"title":"Contacto - Sdo Consultor\u00eda para la Digitalizaci\u00f3n de Despachos de Asesor\u00eda Fiscal","description":"Para ponerse en contacto con nosotros rellene nuestro formulario de contacto, escr\u00edbanos un correo o ll\u00e1menos. Descubre c\u00f3mo podemos ayudarte.","robots":{"index":"index","follow":"follow","max-snippet":"max-snippet:-1","max-image-preview":"max-image-preview:large","max-video-preview":"max-video-preview:-1"},"canonical":"https:\/\/sdoconsultor.com\/ca\/contacto\/","og_locale":"ca_ES","og_type":"article","og_title":"Contacto - Sdo Consultor\u00eda para la Digitalizaci\u00f3n de Despachos de Asesor\u00eda Fiscal","og_description":"Para ponerse en contacto con nosotros rellene nuestro formulario de contacto, escr\u00edbanos un correo o ll\u00e1menos. Descubre c\u00f3mo podemos ayudarte.","og_url":"https:\/\/sdoconsultor.com\/ca\/contacto\/","og_site_name":"Sdo Consultor\u00eda para la Digitalizaci\u00f3n de Despachos de Asesor\u00eda Fiscal","article_modified_time":"2026-02-19T10:42:14+00:00","twitter_card":"summary_large_image","twitter_misc":{"Temps estimat de lectura":"1 minut"},"schema":{"@context":"https:\/\/schema.org","@graph":[{"@type":"WebPage","@id":"https:\/\/sdoconsultor.com\/contacto\/","url":"https:\/\/sdoconsultor.com\/contacto\/","name":"Contacto - Sdo Consultor\u00eda para la Digitalizaci\u00f3n de Despachos de Asesor\u00eda Fiscal","isPartOf":{"@id":"https:\/\/sdoconsultor.com\/#website"},"datePublished":"2025-03-03T06:27:51+00:00","dateModified":"2026-02-19T10:42:14+00:00","description":"Para ponerse en contacto con nosotros rellene nuestro formulario de contacto, escr\u00edbanos un correo o ll\u00e1menos. Descubre c\u00f3mo podemos ayudarte.","breadcrumb":{"@id":"https:\/\/sdoconsultor.com\/contacto\/#breadcrumb"},"inLanguage":"ca","potentialAction":[{"@type":"ReadAction","target":["https:\/\/sdoconsultor.com\/contacto\/"]}]},{"@type":"BreadcrumbList","@id":"https:\/\/sdoconsultor.com\/contacto\/#breadcrumb","itemListElement":[{"@type":"ListItem","position":1,"name":"Portada","item":"https:\/\/sdoconsultor.com\/"},{"@type":"ListItem","position":2,"name":"Contacto"}]},{"@type":"WebSite","@id":"https:\/\/sdoconsultor.com\/#website","url":"https:\/\/sdoconsultor.com\/","name":"Sdo Consultor\u00eda para la Digitalizaci\u00f3n de Despachos de Asesor\u00eda Fiscal","description":"SOLUCIONES DIGITALIZADORAS PARA DESPACHOS PROFESIONALES","publisher":{"@id":"https:\/\/sdoconsultor.com\/#organization"},"potentialAction":[{"@type":"SearchAction","target":{"@type":"EntryPoint","urlTemplate":"https:\/\/sdoconsultor.com\/?s={search_term_string}"},"query-input":{"@type":"PropertyValueSpecification","valueRequired":true,"valueName":"search_term_string"}}],"inLanguage":"ca"},{"@type":"Organization","@id":"https:\/\/sdoconsultor.com\/#organization","name":"Sdo Consultor\u00eda para la Digitalizaci\u00f3n de Despachos de Asesor\u00eda Fiscal","url":"https:\/\/sdoconsultor.com\/","logo":{"@type":"ImageObject","inLanguage":"ca","@id":"https:\/\/sdoconsultor.com\/#\/schema\/logo\/image\/","url":"https:\/\/sdoconsultor.com\/wp-content\/uploads\/2025\/02\/logo_SDO_color-consultor.png","contentUrl":"https:\/\/sdoconsultor.com\/wp-content\/uploads\/2025\/02\/logo_SDO_color-consultor.png","width":540,"height":208,"caption":"Sdo Consultor\u00eda para la Digitalizaci\u00f3n de Despachos de Asesor\u00eda Fiscal"},"image":{"@id":"https:\/\/sdoconsultor.com\/#\/schema\/logo\/image\/"}}]}},"_links":{"self":[{"href":"https:\/\/sdoconsultor.com\/ca\/wp-json\/wp\/v2\/pages\/252","targetHints":{"allow":["GET"]}}],"collection":[{"href":"https:\/\/sdoconsultor.com\/ca\/wp-json\/wp\/v2\/pages"}],"about":[{"href":"https:\/\/sdoconsultor.com\/ca\/wp-json\/wp\/v2\/types\/page"}],"author":[{"embeddable":true,"href":"https:\/\/sdoconsultor.com\/ca\/wp-json\/wp\/v2\/users\/2"}],"replies":[{"embeddable":true,"href":"https:\/\/sdoconsultor.com\/ca\/wp-json\/wp\/v2\/comments?post=252"}],"version-history":[{"count":43,"href":"https:\/\/sdoconsultor.com\/ca\/wp-json\/wp\/v2\/pages\/252\/revisions"}],"predecessor-version":[{"id":1649,"href":"https:\/\/sdoconsultor.com\/ca\/wp-json\/wp\/v2\/pages\/252\/revisions\/1649"}],"wp:attachment":[{"href":"https:\/\/sdoconsultor.com\/ca\/wp-json\/wp\/v2\/media?parent=252"}],"curies":[{"name":"wp","href":"https:\/\/api.w.org\/{rel}","templated":true}]}}